{"id":104,"date":"2024-03-08T13:38:26","date_gmt":"2024-03-08T12:38:26","guid":{"rendered":"https:\/\/budapestpicturevehicles.com\/?page_id=104"},"modified":"2025-05-15T23:51:38","modified_gmt":"2025-05-15T21:51:38","slug":"kapcsolat","status":"publish","type":"page","link":"https:\/\/budapestpicturevehicles.com\/en\/kapcsolat\/","title":{"rendered":"Contact"},"content":{"rendered":"\t\t<div data-elementor-type=\"wp-page\" data-elementor-id=\"104\" class=\"elementor elementor-104\" data-elementor-settings=\"{&quot;ha_cmc_init_switcher&quot;:&quot;no&quot;}\" data-elementor-post-type=\"page\">\n\t\t\t\t<div class=\"elementor-element elementor-element-9f44e53 e-flex e-con-boxed e-con e-parent\" data-id=\"9f44e53\" data-element_type=\"container\" data-e-type=\"container\" data-settings=\"{&quot;background_background&quot;:&quot;classic&quot;,&quot;_ha_eqh_enable&quot;:false}\">\n\t\t\t\t\t<div class=\"e-con-inner\">\n\t\t\t\t<div class=\"elementor-element elementor-element-9a5d31d elementor-widget elementor-widget-heading\" data-id=\"9a5d31d\" data-element_type=\"widget\" data-e-type=\"widget\" data-widget_type=\"heading.default\">\n\t\t\t\t<div class=\"elementor-widget-container\">\n\t\t\t\t\t<h2 class=\"elementor-heading-title elementor-size-default\">Kapcsolat<\/h2>\t\t\t\t<\/div>\n\t\t\t\t<\/div>\n\t\t\t\t\t<\/div>\n\t\t\t\t<\/div>\n\t\t<div class=\"elementor-element elementor-element-8cee16f e-flex e-con-boxed e-con e-parent\" data-id=\"8cee16f\" data-element_type=\"container\" data-e-type=\"container\" data-settings=\"{&quot;background_background&quot;:&quot;classic&quot;,&quot;_ha_eqh_enable&quot;:false}\">\n\t\t\t\t\t<div class=\"e-con-inner\">\n\t\t<div class=\"elementor-element elementor-element-8d569db e-con-full e-flex e-con e-child\" data-id=\"8d569db\" data-element_type=\"container\" data-e-type=\"container\" data-settings=\"{&quot;background_background&quot;:&quot;classic&quot;,&quot;background_motion_fx_motion_fx_scrolling&quot;:&quot;yes&quot;,&quot;background_motion_fx_translateX_effect&quot;:&quot;yes&quot;,&quot;background_motion_fx_translateX_speed&quot;:{&quot;unit&quot;:&quot;px&quot;,&quot;size&quot;:2,&quot;sizes&quot;:[]},&quot;background_motion_fx_translateX_affectedRange&quot;:{&quot;unit&quot;:&quot;%&quot;,&quot;size&quot;:&quot;&quot;,&quot;sizes&quot;:{&quot;start&quot;:0,&quot;end&quot;:100}},&quot;background_motion_fx_devices&quot;:[&quot;desktop&quot;,&quot;tablet&quot;,&quot;mobile&quot;],&quot;_ha_eqh_enable&quot;:false}\">\n\t\t\t\t<div class=\"elementor-element elementor-element-7eb06f1 elementor-widget elementor-widget-heading\" data-id=\"7eb06f1\" data-element_type=\"widget\" data-e-type=\"widget\" data-widget_type=\"heading.default\">\n\t\t\t\t<div class=\"elementor-widget-container\">\n\t\t\t\t\t<h2 class=\"elementor-heading-title elementor-size-default\">Amennyiben van b\u00e1rmi k\u00e9rd\u00e9sed, keress minket bizalommal!<\/h2>\t\t\t\t<\/div>\n\t\t\t\t<\/div>\n\t\t\t\t<\/div>\n\t\t<div class=\"elementor-element elementor-element-1626022 e-con-full e-flex e-con e-child\" data-id=\"1626022\" data-element_type=\"container\" data-e-type=\"container\" data-settings=\"{&quot;background_background&quot;:&quot;classic&quot;,&quot;_ha_eqh_enable&quot;:false}\">\n\t\t\t\t<div class=\"elementor-element elementor-element-deb2299 elementor-widget elementor-widget-content_form_contact\" data-id=\"deb2299\" data-element_type=\"widget\" data-e-type=\"widget\" data-widget_type=\"content_form_contact.default\">\n\t\t\t\t<div class=\"elementor-widget-container\">\n\t\t\t\t\t<form action=\"https:\/\/budapestpicturevehicles.com\/wp-admin\/admin-post.php\" method=\"post\" name=\"content-form-deb2299\" id=\"content-form-deb2299\" class=\"ti-cf-module content-form content-form-contact content_form_contact\"><input type=\"hidden\" id=\"_wpnonce_contact\" name=\"_wpnonce_contact\" value=\"11cfb492fc\" \/><input type=\"hidden\" name=\"_wp_http_referer\" value=\"\/en\/kapcsolat\/\" \/><input type=\"hidden\" name=\"action\" value=\"content_form_submit\" \/><input type=\"hidden\" name=\"form-type\" value=\"contact\" \/><input type=\"hidden\" name=\"form-builder\" value=\"elementor\" \/><input type=\"hidden\" name=\"post-id\" value=\"104\" \/><input type=\"hidden\" name=\"form-id\" value=\"deb2299\" \/><fieldset class=&quot;content-form-field-text elementor-column elementor-col-100&quot;><label for=\"data[deb2299][name]\" >N\u00e9v<span class=\"required-mark\"> *<\/span><\/label><input type=\"text\" name=\"data[deb2299][name]\" id=\"data[deb2299][name]\" required=required  placeholder=\"N\u00e9v\"><\/fieldset><fieldset class=&quot;content-form-field-email elementor-column elementor-col-100&quot;><label for=\"data[deb2299][email]\" >Email<span class=\"required-mark\"> *<\/span><\/label><input type=\"text\" name=\"data[deb2299][email]\" id=\"data[deb2299][email]\" required=required  placeholder=\"Email\"><\/fieldset><fieldset class=&quot;content-form-field-number elementor-column elementor-col-100&quot;><label for=\"data[deb2299][phone]\" >Telefon<\/label><input type=\"text\" name=\"data[deb2299][phone]\" id=\"data[deb2299][phone]\"   placeholder=\"Telefon\"><\/fieldset><fieldset class=&quot;content-form-field-textarea elementor-column elementor-col-100&quot;><label for=\"data[deb2299][message]\" >\u00dczenet<span class=\"required-mark\"> *<\/span><\/label><textarea name=\"data[deb2299][message]\" id=\"data[deb2299][message]\"  required=required placeholder=\"\u00dczenet\" cols=\"30\" rows=\"5\"><\/textarea><\/fieldset><fieldset class=\"submit-form contact\"><button type=\"submit\" name=\"submit\"  value=\"submit-contact-deb2299\" class=\"\">K\u00fcld\u00e9s<\/button><\/fieldset><\/form>\t\t\t\t<\/div>\n\t\t\t\t<\/div>\n\t\t\t\t<\/div>\n\t\t\t\t\t<\/div>\n\t\t\t\t<\/div>\n\t\t<div class=\"elementor-element elementor-element-d0e60ce e-flex e-con-boxed e-con e-parent\" data-id=\"d0e60ce\" data-element_type=\"container\" data-e-type=\"container\" data-settings=\"{&quot;background_background&quot;:&quot;classic&quot;,&quot;_ha_eqh_enable&quot;:false}\">\n\t\t\t\t\t<div class=\"e-con-inner\">\n\t\t<div class=\"elementor-element elementor-element-7a26916 e-con-full e-flex e-con e-child\" data-id=\"7a26916\" data-element_type=\"container\" data-e-type=\"container\" data-settings=\"{&quot;_ha_eqh_enable&quot;:false}\">\n\t\t\t\t<div class=\"elementor-element elementor-element-27afb94 animated-slow elementor-invisible elementor-widget elementor-widget-heading\" data-id=\"27afb94\" data-element_type=\"widget\" data-e-type=\"widget\" data-settings=\"{&quot;_animation&quot;:&quot;slideInLeft&quot;,&quot;_animation_delay&quot;:500}\" data-widget_type=\"heading.default\">\n\t\t\t\t<div class=\"elementor-widget-container\">\n\t\t\t\t\t<h2 class=\"elementor-heading-title elementor-size-default\">K\u00f6vess minket!<\/h2>\t\t\t\t<\/div>\n\t\t\t\t<\/div>\n\t\t\t\t<\/div>\n\t\t<div class=\"elementor-element elementor-element-fdde870 e-con-full e-flex e-con e-child\" data-id=\"fdde870\" data-element_type=\"container\" data-e-type=\"container\" data-settings=\"{&quot;_ha_eqh_enable&quot;:false}\">\n\t\t\t\t<div class=\"elementor-element elementor-element-bc6eaf5 animated-slow elementor-shape-rounded elementor-grid-0 e-grid-align-center elementor-invisible elementor-widget elementor-widget-social-icons\" data-id=\"bc6eaf5\" data-element_type=\"widget\" data-e-type=\"widget\" data-settings=\"{&quot;_animation&quot;:&quot;slideInLeft&quot;,&quot;_animation_delay&quot;:1000}\" data-widget_type=\"social-icons.default\">\n\t\t\t\t<div class=\"elementor-widget-container\">\n\t\t\t\t\t\t\t<div class=\"elementor-social-icons-wrapper elementor-grid\">\n\t\t\t\t\t\t\t<span class=\"elementor-grid-item\">\n\t\t\t\t\t<a class=\"elementor-icon elementor-social-icon elementor-social-icon-instagram elementor-repeater-item-ddbd6b9\" href=\"https:\/\/www.instagram.com\/budapestpicturevehicle\/\" target=\"_blank\">\n\t\t\t\t\t\t<span class=\"elementor-screen-only\">Instagram<\/span>\n\t\t\t\t\t\t<svg aria-hidden=\"true\" class=\"e-font-icon-svg e-fab-instagram\" viewBox=\"0 0 448 512\" xmlns=\"http:\/\/www.w3.org\/2000\/svg\"><path d=\"M224.1 141c-63.6 0-114.9 51.3-114.9 114.9s51.3 114.9 114.9 114.9S339 319.5 339 255.9 287.7 141 224.1 141zm0 189.6c-41.1 0-74.7-33.5-74.7-74.7s33.5-74.7 74.7-74.7 74.7 33.5 74.7 74.7-33.6 74.7-74.7 74.7zm146.4-194.3c0 14.9-12 26.8-26.8 26.8-14.9 0-26.8-12-26.8-26.8s12-26.8 26.8-26.8 26.8 12 26.8 26.8zm76.1 27.2c-1.7-35.9-9.9-67.7-36.2-93.9-26.2-26.2-58-34.4-93.9-36.2-37-2.1-147.9-2.1-184.9 0-35.8 1.7-67.6 9.9-93.9 36.1s-34.4 58-36.2 93.9c-2.1 37-2.1 147.9 0 184.9 1.7 35.9 9.9 67.7 36.2 93.9s58 34.4 93.9 36.2c37 2.1 147.9 2.1 184.9 0 35.9-1.7 67.7-9.9 93.9-36.2 26.2-26.2 34.4-58 36.2-93.9 2.1-37 2.1-147.8 0-184.8zM398.8 388c-7.8 19.6-22.9 34.7-42.6 42.6-29.5 11.7-99.5 9-132.1 9s-102.7 2.6-132.1-9c-19.6-7.8-34.7-22.9-42.6-42.6-11.7-29.5-9-99.5-9-132.1s-2.6-102.7 9-132.1c7.8-19.6 22.9-34.7 42.6-42.6 29.5-11.7 99.5-9 132.1-9s102.7-2.6 132.1 9c19.6 7.8 34.7 22.9 42.6 42.6 11.7 29.5 9 99.5 9 132.1s2.7 102.7-9 132.1z\"><\/path><\/svg>\t\t\t\t\t<\/a>\n\t\t\t\t<\/span>\n\t\t\t\t\t<\/div>\n\t\t\t\t\t\t<\/div>\n\t\t\t\t<\/div>\n\t\t\t\t<\/div>\n\t\t\t\t\t<\/div>\n\t\t\t\t<\/div>\n\t\t\t\t<\/div>\n\t\t","protected":false},"excerpt":{"rendered":"<p>Kapcsolat Amennyiben van b\u00e1rmi k\u00e9rd\u00e9sed, keress minket bizalommal! N\u00e9v * Email * Telefon \u00dczenet * K\u00fcld\u00e9s K\u00f6vess minket! Instagram<\/p>","protected":false},"author":241776093,"featured_media":0,"parent":0,"menu_order":0,"comment_status":"closed","ping_status":"closed","template":"elementor_header_footer","meta":{"footnotes":""},"class_list":["post-104","page","type-page","status-publish","hentry"],"yoast_head":"<!-- This site is optimized with the Yoast SEO plugin v27.4 - https:\/\/yoast.com\/product\/yoast-seo-wordpress\/ -->\n<title>Kapcsolat - Budapest Picture Vehicle<\/title>\n<meta name=\"robots\" content=\"index, follow, max-snippet:-1, max-image-preview:large, max-video-preview:-1\" \/>\n<link rel=\"canonical\" href=\"https:\/\/budapestpicturevehicles.com\/en\/kapcsolat\/\" \/>\n<meta property=\"og:locale\" content=\"en_GB\" \/>\n<meta property=\"og:type\" content=\"article\" \/>\n<meta property=\"og:title\" content=\"Kapcsolat - Budapest Picture Vehicle\" \/>\n<meta property=\"og:description\" content=\"Kapcsolat Amennyiben van b\u00e1rmi k\u00e9rd\u00e9sed, keress minket bizalommal! N\u00e9v * Email * Telefon \u00dczenet * K\u00fcld\u00e9s K\u00f6vess minket! Instagram\" \/>\n<meta property=\"og:url\" content=\"https:\/\/budapestpicturevehicles.com\/en\/kapcsolat\/\" \/>\n<meta property=\"og:site_name\" content=\"Budapest Picture Vehicle\" \/>\n<meta property=\"article:modified_time\" content=\"2025-05-15T21:51:38+00:00\" \/>\n<meta name=\"twitter:card\" content=\"summary_large_image\" \/>\n<meta name=\"twitter:label1\" content=\"Estimated reading time\" \/>\n\t<meta name=\"twitter:data1\" content=\"1 minute\" \/>\n<script type=\"application\/ld+json\" class=\"yoast-schema-graph\">{\"@context\":\"https:\\\/\\\/schema.org\",\"@graph\":[{\"@type\":\"WebPage\",\"@id\":\"https:\\\/\\\/budapestpicturevehicles.com\\\/kapcsolat\\\/\",\"url\":\"https:\\\/\\\/budapestpicturevehicles.com\\\/kapcsolat\\\/\",\"name\":\"Kapcsolat - Budapest Picture Vehicle\",\"isPartOf\":{\"@id\":\"https:\\\/\\\/budapestpicturevehicles.com\\\/#website\"},\"datePublished\":\"2024-03-08T12:38:26+00:00\",\"dateModified\":\"2025-05-15T21:51:38+00:00\",\"breadcrumb\":{\"@id\":\"https:\\\/\\\/budapestpicturevehicles.com\\\/kapcsolat\\\/#breadcrumb\"},\"inLanguage\":\"en-GB\",\"potentialAction\":[{\"@type\":\"ReadAction\",\"target\":[\"https:\\\/\\\/budapestpicturevehicles.com\\\/kapcsolat\\\/\"]}]},{\"@type\":\"BreadcrumbList\",\"@id\":\"https:\\\/\\\/budapestpicturevehicles.com\\\/kapcsolat\\\/#breadcrumb\",\"itemListElement\":[{\"@type\":\"ListItem\",\"position\":1,\"name\":\"Home\",\"item\":\"https:\\\/\\\/budapestpicturevehicles.com\\\/\"},{\"@type\":\"ListItem\",\"position\":2,\"name\":\"Kapcsolat\"}]},{\"@type\":\"WebSite\",\"@id\":\"https:\\\/\\\/budapestpicturevehicles.com\\\/#website\",\"url\":\"https:\\\/\\\/budapestpicturevehicles.com\\\/\",\"name\":\"Budapest Picture Vehicle\",\"description\":\"Budapest Picture Vehicle\",\"publisher\":{\"@id\":\"https:\\\/\\\/budapestpicturevehicles.com\\\/#organization\"},\"potentialAction\":[{\"@type\":\"SearchAction\",\"target\":{\"@type\":\"EntryPoint\",\"urlTemplate\":\"https:\\\/\\\/budapestpicturevehicles.com\\\/?s={search_term_string}\"},\"query-input\":{\"@type\":\"PropertyValueSpecification\",\"valueRequired\":true,\"valueName\":\"search_term_string\"}}],\"inLanguage\":\"en-GB\"},{\"@type\":\"Organization\",\"@id\":\"https:\\\/\\\/budapestpicturevehicles.com\\\/#organization\",\"name\":\"Budapest Picture Vehicle\",\"url\":\"https:\\\/\\\/budapestpicturevehicles.com\\\/\",\"logo\":{\"@type\":\"ImageObject\",\"inLanguage\":\"en-GB\",\"@id\":\"https:\\\/\\\/budapestpicturevehicles.com\\\/#\\\/schema\\\/logo\\\/image\\\/\",\"url\":\"https:\\\/\\\/i0.wp.com\\\/budapestpicturevehicles.com\\\/wp-content\\\/uploads\\\/2024\\\/06\\\/cropped-Rajztabla-6.png?fit=407%2C147&ssl=1\",\"contentUrl\":\"https:\\\/\\\/i0.wp.com\\\/budapestpicturevehicles.com\\\/wp-content\\\/uploads\\\/2024\\\/06\\\/cropped-Rajztabla-6.png?fit=407%2C147&ssl=1\",\"width\":407,\"height\":147,\"caption\":\"Budapest Picture Vehicle\"},\"image\":{\"@id\":\"https:\\\/\\\/budapestpicturevehicles.com\\\/#\\\/schema\\\/logo\\\/image\\\/\"}}]}<\/script>\n<!-- \/ Yoast SEO plugin. -->","yoast_head_json":{"title":"Kapcsolat - Budapest Picture Vehicle","robots":{"index":"index","follow":"follow","max-snippet":"max-snippet:-1","max-image-preview":"max-image-preview:large","max-video-preview":"max-video-preview:-1"},"canonical":"https:\/\/budapestpicturevehicles.com\/en\/kapcsolat\/","og_locale":"en_GB","og_type":"article","og_title":"Kapcsolat - Budapest Picture Vehicle","og_description":"Kapcsolat Amennyiben van b\u00e1rmi k\u00e9rd\u00e9sed, keress minket bizalommal! N\u00e9v * Email * Telefon \u00dczenet * K\u00fcld\u00e9s K\u00f6vess minket! Instagram","og_url":"https:\/\/budapestpicturevehicles.com\/en\/kapcsolat\/","og_site_name":"Budapest Picture Vehicle","article_modified_time":"2025-05-15T21:51:38+00:00","twitter_card":"summary_large_image","twitter_misc":{"Estimated reading time":"1 minute"},"schema":{"@context":"https:\/\/schema.org","@graph":[{"@type":"WebPage","@id":"https:\/\/budapestpicturevehicles.com\/kapcsolat\/","url":"https:\/\/budapestpicturevehicles.com\/kapcsolat\/","name":"Kapcsolat - Budapest Picture Vehicle","isPartOf":{"@id":"https:\/\/budapestpicturevehicles.com\/#website"},"datePublished":"2024-03-08T12:38:26+00:00","dateModified":"2025-05-15T21:51:38+00:00","breadcrumb":{"@id":"https:\/\/budapestpicturevehicles.com\/kapcsolat\/#breadcrumb"},"inLanguage":"en-GB","potentialAction":[{"@type":"ReadAction","target":["https:\/\/budapestpicturevehicles.com\/kapcsolat\/"]}]},{"@type":"BreadcrumbList","@id":"https:\/\/budapestpicturevehicles.com\/kapcsolat\/#breadcrumb","itemListElement":[{"@type":"ListItem","position":1,"name":"Home","item":"https:\/\/budapestpicturevehicles.com\/"},{"@type":"ListItem","position":2,"name":"Kapcsolat"}]},{"@type":"WebSite","@id":"https:\/\/budapestpicturevehicles.com\/#website","url":"https:\/\/budapestpicturevehicles.com\/","name":"Budapest Picture Vehicle","description":"Budapest Picture Vehicle","publisher":{"@id":"https:\/\/budapestpicturevehicles.com\/#organization"},"potentialAction":[{"@type":"SearchAction","target":{"@type":"EntryPoint","urlTemplate":"https:\/\/budapestpicturevehicles.com\/?s={search_term_string}"},"query-input":{"@type":"PropertyValueSpecification","valueRequired":true,"valueName":"search_term_string"}}],"inLanguage":"en-GB"},{"@type":"Organization","@id":"https:\/\/budapestpicturevehicles.com\/#organization","name":"Budapest Picture Vehicle","url":"https:\/\/budapestpicturevehicles.com\/","logo":{"@type":"ImageObject","inLanguage":"en-GB","@id":"https:\/\/budapestpicturevehicles.com\/#\/schema\/logo\/image\/","url":"https:\/\/i0.wp.com\/budapestpicturevehicles.com\/wp-content\/uploads\/2024\/06\/cropped-Rajztabla-6.png?fit=407%2C147&ssl=1","contentUrl":"https:\/\/i0.wp.com\/budapestpicturevehicles.com\/wp-content\/uploads\/2024\/06\/cropped-Rajztabla-6.png?fit=407%2C147&ssl=1","width":407,"height":147,"caption":"Budapest Picture Vehicle"},"image":{"@id":"https:\/\/budapestpicturevehicles.com\/#\/schema\/logo\/image\/"}}]}},"jetpack_likes_enabled":true,"jetpack_sharing_enabled":true,"jetpack_shortlink":"https:\/\/wp.me\/PfzjoS-1G","jetpack-related-posts":[{"id":1269,"url":"https:\/\/budapestpicturevehicles.com\/en\/karrier\/","url_meta":{"origin":104,"position":0},"title":"Career","author":"Hajdu Bence","date":"2024.10.20.","format":false,"excerpt":"L\u00e9gy profi csapatunk tagja! Nyitott poz\u00edci\u00f3ink\u200b Jelenleg nincsenek nyitott poz\u00edci\u00f3ink! Nyitott poz\u00edci\u00f3ink Jelenleg nincsenek nyitott poz\u00edci\u00f3ink! Amennyiben van b\u00e1rmi k\u00e9rd\u00e9sed, keress minket bizalommal! N\u00e9v *Email *Telefon\u00dczenet *K\u00fcld\u00e9s","rel":"","context":"Similar post","block_context":{"text":"Similar post","link":""},"img":{"alt_text":"","src":"https:\/\/i0.wp.com\/budapestpicturevehicles.com\/wp-content\/uploads\/2024\/08\/Picture-2.png?resize=350%2C200&ssl=1","width":350,"height":200,"srcset":"https:\/\/i0.wp.com\/budapestpicturevehicles.com\/wp-content\/uploads\/2024\/08\/Picture-2.png?resize=350%2C200&ssl=1 1x, https:\/\/i0.wp.com\/budapestpicturevehicles.com\/wp-content\/uploads\/2024\/08\/Picture-2.png?resize=525%2C300&ssl=1 1.5x, https:\/\/i0.wp.com\/budapestpicturevehicles.com\/wp-content\/uploads\/2024\/08\/Picture-2.png?resize=700%2C400&ssl=1 2x"},"classes":[]},{"id":95,"url":"https:\/\/budapestpicturevehicles.com\/en\/bejelentkezes-regisztacio\/","url_meta":{"origin":104,"position":1},"title":"Bejelentkez\u00e9s\/Regisztr\u00e1ci\u00f3","author":"Hajdu Bence","date":"2024.03.08.","format":false,"excerpt":"Sign In Login or E-mail Password Remember me Forgot Password Login or E-mail Sign Up First Name Last Name Phone number I have a WhatsApp account with this number Email * Login * Password * Elfogadom az \u00e1ltal\u00e1nos adatkezel\u00e9si t\u00e1j\u00e9koztat\u00f3t \u00c1SZF Amennyiben van b\u00e1rmi k\u00e9rd\u00e9sed, keress minket bizalommal! N\u00e9v *Email\u2026","rel":"","context":"Similar post","block_context":{"text":"Similar post","link":""},"img":{"alt_text":"","src":"","width":0,"height":0},"classes":[]},{"id":100,"url":"https:\/\/budapestpicturevehicles.com\/en\/tevekenysegeink\/","url_meta":{"origin":104,"position":2},"title":"Our Activities","author":"Hajdu Bence","date":"2024.03.08.","format":false,"excerpt":"Tev\u00e9kenys\u00e9geink K\u00fcl\u00f6nleges j\u00e1rm\u0171vek b\u00e9rbead\u00e1saK\u00fcl\u00f6nleges, egyedi figyelemfelkelt\u0151 j\u00e1rm\u0171vet keres filmes projektj\u00e9hez? Ne keressen tov\u00e1bb! C\u00e9g\u00fcnk sz\u00e9les v\u00e1laszt\u00e9k\u00fa k\u00fcl\u00f6nleges j\u00e1rm\u0171veket k\u00edn\u00e1l b\u00e9rbead\u00e1sra, amelyekkel leny\u0171g\u00f6zheti a k\u00f6z\u00f6ns\u00e9get \u00e9s feldobhatja a produkci\u00f3t. Kattints ideJ\u00e1rm\u0171 \u00e1talak\u00edt\u00e1sSz\u00fcks\u00e9ge van egyedi j\u00e1rm\u0171re a k\u00f6vetkez\u0151 filmes projektj\u00e9hez, de nem tal\u00e1lja a t\u00f6k\u00e9letest? Ne agg\u00f3djon! C\u00e9g\u00fcnk professzion\u00e1lis j\u00e1rm\u0171 \u00e1talak\u00edt\u00e1si szolg\u00e1ltat\u00e1sokat\u2026","rel":"","context":"Similar post","block_context":{"text":"Similar post","link":""},"img":{"alt_text":"","src":"https:\/\/budapestpicturevehicles.com\/wp-content\/uploads\/2024\/08\/Rajztabla-6-masolat.svg","width":350,"height":200},"classes":[]},{"id":581,"url":"https:\/\/budapestpicturevehicles.com\/en\/","url_meta":{"origin":104,"position":3},"title":"Budapest Picture Vehicle","author":"Hajdu Bence","date":"2025.02.03.","format":false,"excerpt":"\u00dcdv\u00f6z\u00f6lj\u00fck a Budapest Picture vehicles weboldal\u00e1n! A Budapest Picture Cars Magyarorsz\u00e1g egyik legsikeresebb \u00e9s legt\u00f6bbet foglalkoztatott \u201ej\u00e1tsz\u00f3 aut\u00f3s\u201d csapata. F\u0151 tev\u00e9kenys\u00e9g\u00fcnk a nagy j\u00e1t\u00e9kfilmekhez \u00e9s mozifilmekhez sz\u00fcks\u00e9ges j\u00e1rm\u0171vek beszerz\u00e9se, b\u00e9rbead\u00e1sa, r\u00e9szleges-, vagy speci\u00e1lis ig\u00e9ny szerint teljes \u00e1talak\u00edt\u00e1sa. T\u00f6bb, mint 10 \u00e9ve szolg\u00e1ljuk ki hazai \u00e9s nemzetk\u00f6zi filmgy\u00e1rt\u00f3 v\u00e1llalatok ig\u00e9nyeit minden\u2026","rel":"","context":"Similar post","block_context":{"text":"Similar post","link":""},"img":{"alt_text":"","src":"https:\/\/i0.wp.com\/budapestpicturevehicles.com\/wp-content\/uploads\/2024\/10\/MV5BZDlmODM1ZDktNDc3MC00MmRhLWEyOGUtZmU1Y2VjNTdkMTlmXkEyXkFqcGc%40._V1_.jpg?resize=350%2C200&ssl=1","width":350,"height":200,"srcset":"https:\/\/i0.wp.com\/budapestpicturevehicles.com\/wp-content\/uploads\/2024\/10\/MV5BZDlmODM1ZDktNDc3MC00MmRhLWEyOGUtZmU1Y2VjNTdkMTlmXkEyXkFqcGc%40._V1_.jpg?resize=350%2C200&ssl=1 1x, https:\/\/i0.wp.com\/budapestpicturevehicles.com\/wp-content\/uploads\/2024\/10\/MV5BZDlmODM1ZDktNDc3MC00MmRhLWEyOGUtZmU1Y2VjNTdkMTlmXkEyXkFqcGc%40._V1_.jpg?resize=525%2C300&ssl=1 1.5x, https:\/\/i0.wp.com\/budapestpicturevehicles.com\/wp-content\/uploads\/2024\/10\/MV5BZDlmODM1ZDktNDc3MC00MmRhLWEyOGUtZmU1Y2VjNTdkMTlmXkEyXkFqcGc%40._V1_.jpg?resize=700%2C400&ssl=1 2x, https:\/\/i0.wp.com\/budapestpicturevehicles.com\/wp-content\/uploads\/2024\/10\/MV5BZDlmODM1ZDktNDc3MC00MmRhLWEyOGUtZmU1Y2VjNTdkMTlmXkEyXkFqcGc%40._V1_.jpg?resize=1050%2C600&ssl=1 3x"},"classes":[]},{"id":98,"url":"https:\/\/budapestpicturevehicles.com\/en\/rolunk\/","url_meta":{"origin":104,"position":4},"title":"About Us","author":"Hajdu Bence","date":"2024.03.08.","format":false,"excerpt":"R\u00f3lunk Mi\u00e9rt a Budapest Picture Vehicle? K\u00f6z\u00f6ss\u00e9g\u00fcnk tagjai t\u00f6bb k\u00fcl\u00f6nb\u00f6z\u0151 ter\u00fcleten is rendelkeznek meghat\u00e1roz\u00f3 tapasztalatokkal \u00e9s kimagal\u00f3 szaktud\u00e1ssal. Az egy\u00e9ni ismeretek \u00e9s gyakorlati tapasztalatok csapatmunk\u00e1ban val\u00f3 \u00e9rv\u00e9nyes\u00edt\u00e9se \u00e1ltal siker\u00fclt el\u00e9rn\u00fcnk sz\u00e1mos k\u00f6z\u00f6s siker\u00fcnket. \u00cdgy teh\u00e1t biztosan \u00e1ll\u00edthatjuk, hogy k\u00f6z\u00f6s munk\u00e1nk sor\u00e1n sem egy\u00e9ni teljes\u00edtm\u00e9nyt, hanem egy 10 \u00e9ve sikeresen egy\u00fcttm\u0171k\u00f6d\u0151\u2026","rel":"","context":"Similar post","block_context":{"text":"Similar post","link":""},"img":{"alt_text":"","src":"https:\/\/i0.wp.com\/budapestpicturevehicles.com\/wp-content\/uploads\/2024\/08\/Picture-7.png?resize=350%2C200&ssl=1","width":350,"height":200,"srcset":"https:\/\/i0.wp.com\/budapestpicturevehicles.com\/wp-content\/uploads\/2024\/08\/Picture-7.png?resize=350%2C200&ssl=1 1x, https:\/\/i0.wp.com\/budapestpicturevehicles.com\/wp-content\/uploads\/2024\/08\/Picture-7.png?resize=525%2C300&ssl=1 1.5x, https:\/\/i0.wp.com\/budapestpicturevehicles.com\/wp-content\/uploads\/2024\/08\/Picture-7.png?resize=700%2C400&ssl=1 2x"},"classes":[]},{"id":487,"url":"https:\/\/budapestpicturevehicles.com\/en\/jarmu-szallitas\/","url_meta":{"origin":104,"position":5},"title":"Vehicle Transportation","author":"Hajdu Bence","date":"2024.05.29.","format":false,"excerpt":"J\u00e1rm\u0171 sz\u00e1ll\u00edt\u00e1s Koll\u00e9g\u00e1ink rendelkeznek minden sz\u00fcks\u00e9ges eszk\u00f6zzel, szaktud\u00e1ssal \u00e9s jogos\u00edtv\u00e1nnyal, hogy a produkci\u00f3kban haszn\u00e1lt j\u00e1rm\u0171veket sz\u00e1ll\u00edthass\u00e1k. Amennyiben csup\u00e1n \u00e1ltal\u00e1nos aut\u00f3ment\u00e9sre vagy speci\u00e1lis j\u00e1rm\u0171 professzion\u00e1lis sz\u00e1ll\u00edt\u00e1s\u00e1ra van sz\u00fcks\u00e9ges, \u00e1llunk rendelkez\u00e9s\u00e9re! L\u00e9pj vel\u00fcnk kapcsolatba! Biztons\u00e1gos sz\u00e1ll\u00edt\u00e1s Biztons\u00e1gos sz\u00e1ll\u00edt\u00e1s: Tapasztalt sof\u0151rjeink gondosan sz\u00e1ll\u00edtj\u00e1k a b\u00e9relt j\u00e1rm\u0171veket a forgat\u00e1si helysz\u00ednre \u00e9s onnan el. K\u00f6vet\u00e9s\u2026","rel":"","context":"Similar post","block_context":{"text":"Similar post","link":""},"img":{"alt_text":"","src":"https:\/\/i0.wp.com\/budapestpicturevehicles.com\/wp-content\/uploads\/2024\/08\/Picture-3.png?resize=350%2C200&ssl=1","width":350,"height":200,"srcset":"https:\/\/i0.wp.com\/budapestpicturevehicles.com\/wp-content\/uploads\/2024\/08\/Picture-3.png?resize=350%2C200&ssl=1 1x, https:\/\/i0.wp.com\/budapestpicturevehicles.com\/wp-content\/uploads\/2024\/08\/Picture-3.png?resize=525%2C300&ssl=1 1.5x, https:\/\/i0.wp.com\/budapestpicturevehicles.com\/wp-content\/uploads\/2024\/08\/Picture-3.png?resize=700%2C400&ssl=1 2x"},"classes":[]}],"_links":{"self":[{"href":"https:\/\/budapestpicturevehicles.com\/en\/wp-json\/wp\/v2\/pages\/104","targetHints":{"allow":["GET"]}}],"collection":[{"href":"https:\/\/budapestpicturevehicles.com\/en\/wp-json\/wp\/v2\/pages"}],"about":[{"href":"https:\/\/budapestpicturevehicles.com\/en\/wp-json\/wp\/v2\/types\/page"}],"author":[{"embeddable":true,"href":"https:\/\/budapestpicturevehicles.com\/en\/wp-json\/wp\/v2\/users\/241776093"}],"replies":[{"embeddable":true,"href":"https:\/\/budapestpicturevehicles.com\/en\/wp-json\/wp\/v2\/comments?post=104"}],"version-history":[{"count":61,"href":"https:\/\/budapestpicturevehicles.com\/en\/wp-json\/wp\/v2\/pages\/104\/revisions"}],"predecessor-version":[{"id":4272,"href":"https:\/\/budapestpicturevehicles.com\/en\/wp-json\/wp\/v2\/pages\/104\/revisions\/4272"}],"wp:attachment":[{"href":"https:\/\/budapestpicturevehicles.com\/en\/wp-json\/wp\/v2\/media?parent=104"}],"curies":[{"name":"wp","href":"https:\/\/api.w.org\/{rel}","templated":true}]}}